{"id":17,"date":"2016-02-12T08:09:36","date_gmt":"2016-02-12T08:09:36","guid":{"rendered":"http:\/\/demos.famethemes.com\/onepress\/?page_id=17"},"modified":"2026-04-03T15:13:37","modified_gmt":"2026-04-03T15:13:37","slug":"our-history","status":"publish","type":"page","link":"https:\/\/boomcanmakina.com\/index.php\/our-history\/","title":{"rendered":"Tarih\u00e7emiz"},"content":{"rendered":"<p data-path-to-node=\"3\">1999 y\u0131l\u0131nda temelleri at\u0131lan <b data-path-to-node=\"3\" data-index-in-node=\"48\">Boom Can Makina<\/b>, a\u011f\u0131r i\u015f makinelerinin en kritik bile\u015feni olan boom sistemlerinde uzmanla\u015fm\u0131\u015f, sekt\u00f6r\u00fcn \u00f6nc\u00fc kurulu\u015flar\u0131ndan biridir. Can Aksay&#8217;\u0131n vizyonuyla kurulan firmam\u0131z, \u00e7eyrek as\u0131rl\u0131k tecr\u00fcbesini modern teknoloji ve usta i\u015f\u00e7ilikle birle\u015ftirerek metalin dilini \u00e7\u00f6zmektedir.<\/p>\n<p data-path-to-node=\"4\">Ba\u015fta\u015f, Votorantim, Oyak Beton ve \u00c7imsa gibi devlerin g\u00fcvenilir \u00e7\u00f6z\u00fcm orta\u011f\u0131 olman\u0131n gururuyla; hassas borwek i\u015flemlerinden profesyonel boom kayna\u011f\u0131na, kapsaml\u0131 revizyonlardan sorun gidermeye kadar geni\u015f bir yelpazede hizmet veriyoruz. Bizim i\u00e7in her proje, i\u015f makinelerinizin \u00f6mr\u00fcn\u00fc uzatmak ve sahadaki performans\u0131n\u0131z\u0131 kesintisiz k\u0131lmak i\u00e7in bir m\u00fchendislik sanat\u0131d\u0131r. Sekt\u00f6rdeki 25 y\u0131l\u0131 a\u015fk\u0131n birikimimizle, g\u00fcc\u00fc g\u00fcvenle in\u015fa etmeye devam ediyoruz.<\/p>\n\n\n<p><\/p>\n","protected":false},"excerpt":{"rendered":"<p>&#8220;\u00c7eyrek as\u0131rl\u0131k tecr\u00fcbe, metale hayat veren ustal\u0131k.&#8221; 1999 y\u0131l\u0131nda ba\u015flad\u0131\u011f\u0131m\u0131z bu yolculukta, a\u011f\u0131r i\u015f makinelerinin en kritik par\u00e7alar\u0131na uzman dokunu\u015flar yaparak sekt\u00f6r\u00fcn devlerine g\u00fcven ta\u015f\u0131yoruz. Boom Can Makina, sadece bir tamir at\u00f6lyesi de\u011fil; tecr\u00fcbe ile teknolojinin birle\u015fti\u011fi bir \u00e7\u00f6z\u00fcm merkezidir.<\/p>\n","protected":false},"author":1,"featured_media":1440,"parent":0,"menu_order":0,"comment_status":"closed","ping_status":"closed","template":"","meta":{"footnotes":""},"class_list":["post-17","page","type-page","status-publish","has-post-thumbnail","hentry"],"_links":{"self":[{"href":"https:\/\/boomcanmakina.com\/index.php\/wp-json\/wp\/v2\/pages\/17","targetHints":{"allow":["GET"]}}],"collection":[{"href":"https:\/\/boomcanmakina.com\/index.php\/wp-json\/wp\/v2\/pages"}],"about":[{"href":"https:\/\/boomcanmakina.com\/index.php\/wp-json\/wp\/v2\/types\/page"}],"author":[{"embeddable":true,"href":"https:\/\/boomcanmakina.com\/index.php\/wp-json\/wp\/v2\/users\/1"}],"replies":[{"embeddable":true,"href":"https:\/\/boomcanmakina.com\/index.php\/wp-json\/wp\/v2\/comments?post=17"}],"version-history":[{"count":3,"href":"https:\/\/boomcanmakina.com\/index.php\/wp-json\/wp\/v2\/pages\/17\/revisions"}],"predecessor-version":[{"id":1594,"href":"https:\/\/boomcanmakina.com\/index.php\/wp-json\/wp\/v2\/pages\/17\/revisions\/1594"}],"wp:featuredmedia":[{"embeddable":true,"href":"https:\/\/boomcanmakina.com\/index.php\/wp-json\/wp\/v2\/media\/1440"}],"wp:attachment":[{"href":"https:\/\/boomcanmakina.com\/index.php\/wp-json\/wp\/v2\/media?parent=17"}],"curies":[{"name":"wp","href":"https:\/\/api.w.org\/{rel}","templated":true}]}}