{"id":22,"date":"2016-02-12T08:11:05","date_gmt":"2016-02-12T08:11:05","guid":{"rendered":"http:\/\/demos.famethemes.com\/onepress\/?page_id=22"},"modified":"2026-02-11T22:03:48","modified_gmt":"2026-02-11T22:03:48","slug":"vizyonumu","status":"publish","type":"page","link":"https:\/\/boomcanmakina.com\/index.php\/vizyonumu\/","title":{"rendered":"Vizyonumuz"},"content":{"rendered":"<p data-path-to-node=\"2\"><b data-path-to-node=\"2\" data-index-in-node=\"0\">Gelece\u011fin G\u00fc\u00e7l\u00fc Makineleri \u0130\u00e7in Teknolojik \u00c7\u00f6z\u00fcmler<\/b><\/p>\n<p data-path-to-node=\"3\">Vizyonumuz; 1999 y\u0131l\u0131ndan bu yana s\u00fcregelen tecr\u00fcbemizi dijitalle\u015fen d\u00fcnyan\u0131n yenilikleriyle harmanlayarak, a\u011f\u0131r i\u015f makineleri revizyonunda T\u00fcrkiye\u2019nin ve b\u00f6lgenin en g\u00fcvenilir m\u00fchendislik merkezi olmakt\u0131r. Sekt\u00f6rdeki teknolojik d\u00f6n\u00fc\u015f\u00fcme \u00f6nc\u00fcl\u00fck ederek, i\u015f ortaklar\u0131m\u0131z\u0131n operasyonel verimlili\u011fini art\u0131ran s\u00fcrd\u00fcr\u00fclebilir ve yenilik\u00e7i \u00e7\u00f6z\u00fcmler \u00fcretmeyi hedefliyoruz. Metalin \u015fekillendi\u011fi her noktada &#8220;kalite ve g\u00fcven&#8221; denilince akla gelen ilk marka olarak, global standartlarda bir hizmet anlay\u0131\u015f\u0131n\u0131 gelece\u011fe ta\u015f\u0131mak temel amac\u0131m\u0131zd\u0131r.<\/p>\n\n\n<p>Bizim i\u00e7in her proje, i\u015f makinelerinizin \u00f6mr\u00fcn\u00fc uzatmak ve sahadaki performans\u0131n\u0131z\u0131 kesintisiz k\u0131lmak i\u00e7in bir m\u00fchendislik sanat\u0131d\u0131r.<\/p>\n","protected":false},"excerpt":{"rendered":"<p>&#8220;Gelece\u011fi bug\u00fcnden in\u015fa ediyoruz.&#8221; Hedefimiz, a\u011f\u0131r sanayi ve i\u015f makinesi revizyonunda sadece bug\u00fcn\u00fcn sorunlar\u0131n\u0131 \u00e7\u00f6zmek de\u011fil; geli\u015fen teknolojiyle makinelerinizin performans\u0131n\u0131 gelece\u011fe ta\u015f\u0131makt\u0131r. G\u00fcven \u00fczerine kurulu i\u015f ortakl\u0131klar\u0131m\u0131z\u0131, global standartlarda m\u00fchendislik \u00e7\u00f6z\u00fcmleriyle birle\u015ftirerek sekt\u00f6r\u00fcn lideri olmay\u0131 s\u00fcrd\u00fcr\u00fcyoruz.<\/p>\n","protected":false},"author":1,"featured_media":1439,"parent":0,"menu_order":0,"comment_status":"closed","ping_status":"closed","template":"","meta":{"footnotes":""},"class_list":["post-22","page","type-page","status-publish","has-post-thumbnail","hentry"],"_links":{"self":[{"href":"https:\/\/boomcanmakina.com\/index.php\/wp-json\/wp\/v2\/pages\/22","targetHints":{"allow":["GET"]}}],"collection":[{"href":"https:\/\/boomcanmakina.com\/index.php\/wp-json\/wp\/v2\/pages"}],"about":[{"href":"https:\/\/boomcanmakina.com\/index.php\/wp-json\/wp\/v2\/types\/page"}],"author":[{"embeddable":true,"href":"https:\/\/boomcanmakina.com\/index.php\/wp-json\/wp\/v2\/users\/1"}],"replies":[{"embeddable":true,"href":"https:\/\/boomcanmakina.com\/index.php\/wp-json\/wp\/v2\/comments?post=22"}],"version-history":[{"count":2,"href":"https:\/\/boomcanmakina.com\/index.php\/wp-json\/wp\/v2\/pages\/22\/revisions"}],"predecessor-version":[{"id":1446,"href":"https:\/\/boomcanmakina.com\/index.php\/wp-json\/wp\/v2\/pages\/22\/revisions\/1446"}],"wp:featuredmedia":[{"embeddable":true,"href":"https:\/\/boomcanmakina.com\/index.php\/wp-json\/wp\/v2\/media\/1439"}],"wp:attachment":[{"href":"https:\/\/boomcanmakina.com\/index.php\/wp-json\/wp\/v2\/media?parent=22"}],"curies":[{"name":"wp","href":"https:\/\/api.w.org\/{rel}","templated":true}]}}